{"id":5708,"date":"2026-02-12T22:04:58","date_gmt":"2026-02-12T20:04:58","guid":{"rendered":"https:\/\/balticbiofusion.com\/?page_id=5708"},"modified":"2026-02-12T22:04:58","modified_gmt":"2026-02-12T20:04:58","slug":"refund-and-returns-policy","status":"publish","type":"page","link":"https:\/\/balticbiofusion.com\/lt\/refund-and-returns-policy\/","title":{"rendered":"Preki\u0173 gr\u0105\u017einimo ir keitimo taisykl\u0117s"},"content":{"rendered":"<div data-elementor-type=\"wp-page\" data-elementor-id=\"5708\" class=\"elementor elementor-5708\">\n\t\t\t\t<div class=\"elementor-element elementor-element-21bdbc6 e-flex e-con-boxed e-con e-parent\" data-id=\"21bdbc6\" data-element_type=\"container\" data-e-type=\"container\">\n\t\t\t\t\t<div class=\"e-con-inner\">\n\t\t\t\t<div class=\"elementor-element elementor-element-13fd950 elementor-widget elementor-widget-spacer\" data-id=\"13fd950\" data-element_type=\"widget\" data-e-type=\"widget\" data-widget_type=\"spacer.default\">\n\t\t\t\t<div class=\"elementor-widget-container\">\n\t\t\t\t\t\t\t<div class=\"elementor-spacer\">\n\t\t\t<div class=\"elementor-spacer-inner\"><\/div>\n\t\t<\/div>\n\t\t\t\t\t\t<\/div>\n\t\t\t\t<\/div>\n\t\t<div class=\"elementor-element elementor-element-9b704a3 e-con-full e-flex e-con e-child\" data-id=\"9b704a3\" data-element_type=\"container\" data-e-type=\"container\">\n\t\t\t\t<div class=\"elementor-element elementor-element-37fc0ca elementor-widget elementor-widget-text-editor\" data-id=\"37fc0ca\" data-element_type=\"widget\" data-e-type=\"widget\" data-widget_type=\"text-editor.default\">\n\t\t\t\t<div class=\"elementor-widget-container\">\n\t\t\t\t\t\t\t\t\t<h2 data-path-to-node=\"3\">Preki\u0173 gr\u0105\u017einimo ir keitimo taisykl\u0117s<\/h2><p class=\" translation-block\">Svetain\u0117je <strong>balticbiofusion.com<\/strong> parduodamoms prek\u0117ms taikomos Lietuvos Respublikos teis\u0117s aktuose numatytos gr\u0105\u017einimo ir keitimo nuostatos. Mes siekiame, kad j\u016bs\u0173 patirtis naudojant m\u016bs\u0173 gamybos produkcij\u0105 b\u016bt\u0173 nepriekai\u0161tinga, ta\u010diau jei prek\u0117 j\u016bs\u0173 netenkina, taikomos \u0161ios taisykl\u0117s:<\/p><h3>1. Teis\u0117 atsisakyti sutarties (14 dien\u0173 taisykl\u0117)<\/h3><p class=\" translation-block\">Pirk\u0117jas (vartotojas) turi teis\u0119, nenurodydamas prie\u017easties, atsisakyti nuotoliniu b\u016bdu sudarytos sutarties per <strong>14 kalendorini\u0173 dien\u0173<\/strong> nuo prek\u0117s gavimo dienos.<\/p><ul><li><p><b>Svarbi s\u0105lyga:<\/b> Prek\u0117 turi b\u016bti nenaudota, nesugadinta, nepraradusi prekin\u0117s i\u0161vaizdos ir originalioje, nepa\u017eeistoje pakuot\u0117je (nepa\u017eeistos plombos, nenupl\u0117\u0161tos apsaugin\u0117s pl\u0117vel\u0117s ir pan.).<\/p><\/li><li><p><b>I\u0161imtys:<\/b> Remiantis LR Civilinio kodekso 6.228(10) straipsniu, \u0161i teis\u0117 <strong>netaikoma<\/strong>:<\/p><ul><li><p>Supakuotoms prek\u0117ms, kurios buvo i\u0161pakuotos po pristatymo ir kurios yra <strong>netinkamos gr\u0105\u017einti d\u0117l sveikatos apsaugos ar higienos prie\u017eas\u010di\u0173.<\/strong><\/p><\/li><li>Prek\u0117ms, kurios buvo pagamintos pagal specialius Pirk\u0117jo nurodymus arba yra akivaizd\u017eiai pritaikytos jo asmeniniams poreikiams.<\/li><\/ul><\/li><\/ul><h3>2. Kokybi\u0161k\u0173 preki\u0173 gr\u0105\u017einimo eiga<\/h3><p>Nor\u0117dami gr\u0105\u017einti kokybi\u0161k\u0105 prek\u0119 per 14 dien\u0173:<\/p><ol><li><p>Informuokite mus el. pa\u0161tu <strong>info@balticbiofusion.com<\/strong>, nurodydami u\u017esakymo numer\u012f ir gr\u0105\u017einamas prekes.<\/p><\/li><li><p>Prek\u0117s turi b\u016bti saugiai supakuotos, kad neb\u016bt\u0173 pa\u017eeistos transportavimo metu.<\/p><\/li><li><p><strong>Gr\u0105\u017einimo i\u0161laidas apmoka Pirk\u0117jas, i\u0161skyrus atvejus<\/strong>, kai gauta klaidinga ar nekokybi\u0161ka prek\u0117.<\/p><\/li><\/ol><h3>3. Nekokybi\u0161k\u0173 preki\u0173 gr\u0105\u017einimas<\/h3><p>Jei gavote pa\u017eeist\u0105 siunt\u0105 arba gamyklin\u012f brok\u0105 turin\u010di\u0105 prek\u0119:<\/p><ul><li><p>Pirk\u0117jas turi teis\u0119 reikalauti prek\u0119 pakeisti tinkama, suma\u017einti kain\u0105 arba gr\u0105\u017einti sumok\u0117tus pinigus.<\/p><\/li><li><p>Apie nekokybi\u0161k\u0105 prek\u0119 privaloma informuoti nedelsiant, bet ne v\u0117liau kaip per 48 val. nuo siuntos gavimo, pateikiant nuotraukas, \u012frodan\u010dias defekt\u0105.<\/p><\/li><li><p>Tokiu atveju visas siuntimo i\u0161laidas padengia <strong>MB Baltic Bio Fusion.<\/strong><\/p><\/li><\/ul><h3>4. Pinig\u0173 gr\u0105\u017einimo tvarka<\/h3><ul><li><p>Pinigai u\u017e gr\u0105\u017eintas prekes gr\u0105\u017einami per <strong>14 kalendorini\u0173 dien\u0173<\/strong> nuo tada, kai prek\u0117 pasiekia Pardav\u0117j\u0105 ir patikrinama jos b\u016bkl\u0117.<\/p><\/li><li><p>Pinigai gr\u0105\u017einami \u012f t\u0105 pa\u010di\u0105 s\u0105skait\u0105, i\u0161 kurios buvo atliktas mok\u0117jimas.<\/p><\/li><li><p>Siuntimo i\u0161laidos (jei jos buvo taikomos pirkimo metu) gr\u0105\u017einamos tik tuo atveju, jei gr\u0105\u017einamas visas u\u017esakymas.<\/p><\/li><\/ul><h3>5. Kontaktai gr\u0105\u017einimams<\/h3><p>Visais klausimais d\u0117l preki\u0173 gr\u0105\u017einimo pra\u0161ome kreiptis:<\/p><ul><li><p><b>El. pa\u0161tas:<\/b> <a href=\"mailto:info@balticbiofusion.com\">info@balticbiofusion.com<\/a><\/p><\/li><li><p><b>Adresas gr\u0105\u017einimams:<\/b> Akademija, Universiteto g. 8A, Kaunas. Ta\u010diau apie prek\u0117s gr\u0105\u017einim\u0105\/keitim\u0105 Pirk\u0117jas privalo informuoti pardav\u0117j\u0105 el. pa\u0161tu.<\/p><\/li><\/ul><p><!-- \/wp:paragraph --><\/p>\t\t\t\t\t\t\t\t<\/div>\n\t\t\t\t<\/div>\n\t\t\t\t<\/div>\n\t\t\t\t\t<\/div>\n\t\t\t\t<\/div>\n\t\t\t\t<\/div>","protected":false},"excerpt":{"rendered":"<p>Refund and Returns policy The goods sold on the website balticbiofusion.com are subject to the return and exchange provisions set forth in the laws of the Republic of Lithuania. We strive to ensure that your experience with our products is flawless, but if you are not satisfied with the goods, the following rules apply: 1&#8230;.<\/p>","protected":false},"author":2,"featured_media":0,"parent":0,"menu_order":0,"comment_status":"closed","ping_status":"closed","template":"","meta":{"_monsterinsights_skip_tracking":false,"_monsterinsights_sitenote_active":false,"_monsterinsights_sitenote_note":"","_monsterinsights_sitenote_category":0,"_kad_post_transparent":"","_kad_post_title":"hide","_kad_post_layout":"fullwidth","_kad_post_sidebar_id":"","_kad_post_content_style":"unboxed","_kad_post_vertical_padding":"hide","_kad_post_feature":"hide","_kad_post_feature_position":"","_kad_post_header":false,"_kad_post_footer":false,"_kad_post_classname":"","footnotes":""},"class_list":["post-5708","page","type-page","status-publish","hentry"],"aioseo_notices":[],"jetpack_sharing_enabled":true,"_links":{"self":[{"href":"https:\/\/balticbiofusion.com\/lt\/wp-json\/wp\/v2\/pages\/5708","targetHints":{"allow":["GET"]}}],"collection":[{"href":"https:\/\/balticbiofusion.com\/lt\/wp-json\/wp\/v2\/pages"}],"about":[{"href":"https:\/\/balticbiofusion.com\/lt\/wp-json\/wp\/v2\/types\/page"}],"author":[{"embeddable":true,"href":"https:\/\/balticbiofusion.com\/lt\/wp-json\/wp\/v2\/users\/2"}],"replies":[{"embeddable":true,"href":"https:\/\/balticbiofusion.com\/lt\/wp-json\/wp\/v2\/comments?post=5708"}],"version-history":[{"count":2,"href":"https:\/\/balticbiofusion.com\/lt\/wp-json\/wp\/v2\/pages\/5708\/revisions"}],"predecessor-version":[{"id":5718,"href":"https:\/\/balticbiofusion.com\/lt\/wp-json\/wp\/v2\/pages\/5708\/revisions\/5718"}],"wp:attachment":[{"href":"https:\/\/balticbiofusion.com\/lt\/wp-json\/wp\/v2\/media?parent=5708"}],"curies":[{"name":"wp","href":"https:\/\/api.w.org\/{rel}","templated":true}]}}