{"id":4417,"date":"2025-02-02T19:13:55","date_gmt":"2025-02-02T16:13:55","guid":{"rendered":"https:\/\/balticbiofusion.com\/?post_type=product&#038;p=4417"},"modified":"2025-11-27T18:13:41","modified_gmt":"2025-11-27T15:13:41","slug":"chill-drink","status":"publish","type":"product","link":"https:\/\/balticbiofusion.com\/lt\/produktas\/chill-drink\/","title":{"rendered":"Fermentuotas g\u0117rimas \u201eChill Drink\u201d"},"content":{"rendered":"","protected":false},"excerpt":{"rendered":"<p><strong>\u201eChill Drink\u201d<\/strong>\u00a0\u2013 tai fermentuotas avi\u017e\u0173 g\u0117rimas su aviet\u0117mis ir a\u0161vaganda (<em>Withania somnifera<\/em>).<\/p>","protected":false},"featured_media":4485,"template":"","meta":{"_monsterinsights_skip_tracking":false,"_monsterinsights_sitenote_active":false,"_monsterinsights_sitenote_note":"","_monsterinsights_sitenote_category":0,"_kad_post_transparent":"default","_kad_post_title":"","_kad_post_layout":"default","_kad_post_sidebar_id":"","_kad_post_content_style":"default","_kad_post_vertical_padding":"default","_kad_post_feature":"","_kad_post_feature_position":"","_kad_post_header":false,"_kad_post_footer":false,"_kad_post_classname":"","jetpack_post_was_ever_published":false},"product_brand":[],"product_cat":[55,66],"product_tag":[],"class_list":{"0":"post-4417","1":"product","2":"type-product","3":"status-publish","4":"has-post-thumbnail","6":"product_cat-chill-drink","7":"product_cat-drinks","9":"first","10":"outofstock","11":"shipping-taxable","12":"purchasable","13":"product-type-variable","14":"has-default-attributes","15":"entry","16":"content-bg","17":"loop-entry"},"aioseo_notices":[],"jetpack_sharing_enabled":true,"_links":{"self":[{"href":"https:\/\/balticbiofusion.com\/lt\/wp-json\/wp\/v2\/product\/4417","targetHints":{"allow":["GET"]}}],"collection":[{"href":"https:\/\/balticbiofusion.com\/lt\/wp-json\/wp\/v2\/product"}],"about":[{"href":"https:\/\/balticbiofusion.com\/lt\/wp-json\/wp\/v2\/types\/product"}],"wp:featuredmedia":[{"embeddable":true,"href":"https:\/\/balticbiofusion.com\/lt\/wp-json\/wp\/v2\/media\/4485"}],"wp:attachment":[{"href":"https:\/\/balticbiofusion.com\/lt\/wp-json\/wp\/v2\/media?parent=4417"}],"wp:term":[{"taxonomy":"product_brand","embeddable":true,"href":"https:\/\/balticbiofusion.com\/lt\/wp-json\/wp\/v2\/product_brand?post=4417"},{"taxonomy":"product_cat","embeddable":true,"href":"https:\/\/balticbiofusion.com\/lt\/wp-json\/wp\/v2\/product_cat?post=4417"},{"taxonomy":"product_tag","embeddable":true,"href":"https:\/\/balticbiofusion.com\/lt\/wp-json\/wp\/v2\/product_tag?post=4417"}],"curies":[{"name":"wp","href":"https:\/\/api.w.org\/{rel}","templated":true}]}}