{"id":4941,"date":"2025-04-11T14:10:59","date_gmt":"2025-04-11T11:10:59","guid":{"rendered":"https:\/\/balticbiofusion.com\/?post_type=product&#038;p=4941"},"modified":"2026-01-12T23:04:05","modified_gmt":"2026-01-12T20:04:05","slug":"neuropowder-with-raspberries","status":"publish","type":"product","link":"https:\/\/balticbiofusion.com\/lt\/produktas\/neuropowder-with-raspberries\/","title":{"rendered":"\u201eNeuroPowder\u201d su aviet\u0117mis"},"content":{"rendered":"","protected":false},"excerpt":{"rendered":"<p><strong>\u201eNeuroPowder\u201d<\/strong>\u00a0\u2013 kruop\u0161\u010diai atrinkt\u0173 skaidulini\u0173 ingredient\u0173 mi\u0161inys, pagamintas i\u0161 augalin\u0117s kilm\u0117s maisto produkt\u0173.<\/p>","protected":false},"featured_media":4945,"template":"","meta":{"_monsterinsights_skip_tracking":false,"_monsterinsights_sitenote_active":false,"_monsterinsights_sitenote_note":"","_monsterinsights_sitenote_category":0,"_kad_post_transparent":"default","_kad_post_title":"","_kad_post_layout":"default","_kad_post_sidebar_id":"","_kad_post_content_style":"default","_kad_post_vertical_padding":"default","_kad_post_feature":"","_kad_post_feature_position":"","_kad_post_header":false,"_kad_post_footer":false,"_kad_post_classname":"","jetpack_post_was_ever_published":false},"product_brand":[],"product_cat":[69],"product_tag":[],"class_list":{"0":"post-4941","1":"product","2":"type-product","3":"status-publish","4":"has-post-thumbnail","6":"product_cat-raspberries","8":"first","9":"instock","10":"shipping-taxable","11":"purchasable","12":"product-type-variable","13":"has-default-attributes","14":"entry","15":"content-bg","16":"loop-entry"},"aioseo_notices":[],"jetpack_sharing_enabled":true,"_links":{"self":[{"href":"https:\/\/balticbiofusion.com\/lt\/wp-json\/wp\/v2\/product\/4941","targetHints":{"allow":["GET"]}}],"collection":[{"href":"https:\/\/balticbiofusion.com\/lt\/wp-json\/wp\/v2\/product"}],"about":[{"href":"https:\/\/balticbiofusion.com\/lt\/wp-json\/wp\/v2\/types\/product"}],"wp:featuredmedia":[{"embeddable":true,"href":"https:\/\/balticbiofusion.com\/lt\/wp-json\/wp\/v2\/media\/4945"}],"wp:attachment":[{"href":"https:\/\/balticbiofusion.com\/lt\/wp-json\/wp\/v2\/media?parent=4941"}],"wp:term":[{"taxonomy":"product_brand","embeddable":true,"href":"https:\/\/balticbiofusion.com\/lt\/wp-json\/wp\/v2\/product_brand?post=4941"},{"taxonomy":"product_cat","embeddable":true,"href":"https:\/\/balticbiofusion.com\/lt\/wp-json\/wp\/v2\/product_cat?post=4941"},{"taxonomy":"product_tag","embeddable":true,"href":"https:\/\/balticbiofusion.com\/lt\/wp-json\/wp\/v2\/product_tag?post=4941"}],"curies":[{"name":"wp","href":"https:\/\/api.w.org\/{rel}","templated":true}]}}